{"id":5085,"date":"2016-05-20T11:05:41","date_gmt":"2016-05-20T14:05:41","guid":{"rendered":"http:\/\/quiprocura.net\/w\/?page_id=5085"},"modified":"2016-10-18T09:55:39","modified_gmt":"2016-10-18T12:55:39","slug":"links-interessantes-de-quimica-para-descontracao-ou-aprendizagem","status":"publish","type":"page","link":"https:\/\/quiprocura.net\/w\/links-interessantes-de-quimica-para-descontracao-ou-aprendizagem\/","title":{"rendered":"Links Interessantes de Qu\u00edmica para Descontra\u00e7\u00e3o ou Aprendizagem"},"content":{"rendered":"<div  class='avia-builder-widget-area clearfix  avia-builder-el-0  el_before_av_social_share  avia-builder-el-first '><div id=\"text-35\" class=\"widget clearfix widget_text\">\t\t\t<div class=\"textwidget\"><h3>QuiProcura Qu\u00edmica<\/h3>\n<p><script async src=\"https:\/\/pagead2.googlesyndication.com\/pagead\/js\/adsbygoogle.js?client=ca-pub-5517334625230773\"\n     crossorigin=\"anonymous\"><\/script><br \/>\n<!-- anuncio superior --><br \/>\n<ins class=\"adsbygoogle\"\n     style=\"display:inline-block;width:728px;height:90px\"\n     data-ad-client=\"ca-pub-5517334625230773\"\n     data-ad-slot=\"3817602043\"><\/ins><br \/>\n<script>\n     (adsbygoogle = window.adsbygoogle || []).push({});\n<\/script><\/p>\n<\/div>\n\t\t<\/div><\/div>\n<div  class='av-social-sharing-box  avia-builder-el-1  el_after_av_sidebar  avia-builder-el-last  av-social-sharing-box-minimal '><div class='av-share-box'><ul class='av-share-box-list noLightbox'><li class='av-share-link av-social-link-facebook' ><a target=\"_blank\" aria-label=\"Share on Facebook\" href='https:\/\/www.facebook.com\/sharer.php?u=https:\/\/quiprocura.net\/w\/links-interessantes-de-quimica-para-descontracao-ou-aprendizagem\/&#038;t=Links%20Interessantes%20de%20Qu%C3%ADmica%20para%20Descontra%C3%A7%C3%A3o%20ou%20Aprendizagem' aria-hidden='false' data-av_icon='\ue8f3' data-av_iconfont='entypo-fontello' title='' data-avia-related-tooltip='Share on Facebook' rel=\"noopener\"><span class='avia_hidden_link_text'>Share on Facebook<\/span><\/a><\/li><li class='av-share-link av-social-link-twitter' ><a target=\"_blank\" aria-label=\"Share on Twitter\" href='https:\/\/twitter.com\/share?text=Links%20Interessantes%20de%20Qu%C3%ADmica%20para%20Descontra%C3%A7%C3%A3o%20ou%20Aprendizagem&#038;url=https:\/\/quiprocura.net\/w\/?p=5085' aria-hidden='false' data-av_icon='\ue8f1' data-av_iconfont='entypo-fontello' title='' data-avia-related-tooltip='Share on Twitter' rel=\"noopener\"><span class='avia_hidden_link_text'>Share on Twitter<\/span><\/a><\/li><li class='av-share-link av-social-link-whatsapp' ><a target=\"_blank\" aria-label=\"Share on WhatsApp\" href='https:\/\/api.whatsapp.com\/send?text=https:\/\/quiprocura.net\/w\/links-interessantes-de-quimica-para-descontracao-ou-aprendizagem\/' aria-hidden='false' data-av_icon='\uf232' data-av_iconfont='entypo-fontello' title='' data-avia-related-tooltip='Share on WhatsApp' rel=\"noopener\"><span class='avia_hidden_link_text'>Share on WhatsApp<\/span><\/a><\/li><li class='av-share-link av-social-link-tumblr' ><a target=\"_blank\" aria-label=\"Share on Tumblr\" href='https:\/\/www.tumblr.com\/share\/link?url=https%3A%2F%2Fquiprocura.net%2Fw%2Flinks-interessantes-de-quimica-para-descontracao-ou-aprendizagem%2F&#038;name=Links%20Interessantes%20de%20Qu%C3%ADmica%20para%20Descontra%C3%A7%C3%A3o%20ou%20Aprendizagem&#038;description=' aria-hidden='false' data-av_icon='\ue8fa' data-av_iconfont='entypo-fontello' title='' data-avia-related-tooltip='Share on Tumblr' rel=\"noopener\"><span class='avia_hidden_link_text'>Share on Tumblr<\/span><\/a><\/li><li class='av-share-link av-social-link-mail' ><a  aria-label=\"Share by Mail\" href='mailto:?subject=Links%20Interessantes%20de%20Qu%C3%ADmica%20para%20Descontra%C3%A7%C3%A3o%20ou%20Aprendizagem&#038;body=https:\/\/quiprocura.net\/w\/links-interessantes-de-quimica-para-descontracao-ou-aprendizagem\/' aria-hidden='false' data-av_icon='\ue805' data-av_iconfont='entypo-fontello' title='' data-avia-related-tooltip='Share by Mail'><span class='avia_hidden_link_text'>Share by Mail<\/span><\/a><\/li><\/ul><\/div><\/div>\n<div class=\"flex_column av_one_half  flex_column_div av-zero-column-padding first  avia-builder-el-2  el_before_av_one_fourth  avia-builder-el-first  \" style='border-radius:0px; '><div  class='avia-image-container  av-styling-    avia-builder-el-3  avia-builder-el-no-sibling  avia-align-center '  itemprop=\"image\" itemscope=\"itemscope\" itemtype=\"https:\/\/schema.org\/ImageObject\"  ><div class='avia-image-container-inner'><div class='avia-image-overlay-wrap'><img class='wp-image-5107 avia-img-lazy-loading-not-5107 avia_image' src='https:\/\/quiprocura.net\/w\/wp-content\/uploads\/2016\/05\/links-de-quimica-quiprocura1-300x152.gif' alt='' title='links de quimica - quiprocura' height=\"152\" width=\"300\"  itemprop=\"thumbnailUrl\"  \/><\/div><\/div><\/div><\/div>\n<div class=\"flex_column av_one_fourth  flex_column_div av-zero-column-padding   avia-builder-el-4  el_after_av_one_half  el_before_av_one_fourth  \" style='border-radius:0px; '><p><div  class='avia-button-wrap avia-button-center  avia-builder-el-5  el_before_av_textblock  avia-builder-el-first ' ><a href='http:\/\/quiprocura.net\/wordpress\/pages\/contact\/'  class='avia-button  avia-color-theme-color   avia-icon_select-yes-left-icon avia-size-small avia-position-center '  target=\"_blank\"  rel=\"noopener noreferrer\"  ><span class='avia_button_icon avia_button_icon_left ' aria-hidden='true' data-av_icon='\ue817' data-av_iconfont='entypo-fontello'><\/span><span class='avia_iconbox_title' >Envie o seu Link<\/span><\/a><\/div><br \/>\n<section class=\"av_textblock_section \"  itemscope=\"itemscope\" itemtype=\"https:\/\/schema.org\/CreativeWork\" ><div class='avia_textblock  '   itemprop=\"text\" ><p>Conhece um link, um v\u00eddeo, uma imagem interessante sobre Qu\u00edmica? Adicione o link no Quiprocura, divulgaremos o seu nome ou blog.<\/p>\n<\/div><\/section><\/p><\/div>\n<div class=\"flex_column av_one_fourth  flex_column_div av-zero-column-padding   avia-builder-el-7  el_after_av_one_fourth  el_before_av_two_third  \" style='border-radius:0px; '><p><div  class='avia-button-wrap avia-button-center  avia-builder-el-8  el_before_av_textblock  avia-builder-el-first ' ><a href='http:\/\/quiprocura.net\/wordpress\/pages\/contact\/'  class='avia-button  avia-color-theme-color   avia-icon_select-yes-left-icon avia-size-small avia-position-center '  target=\"_blank\"  rel=\"noopener noreferrer\"  ><span class='avia_button_icon avia_button_icon_left ' aria-hidden='true' data-av_icon='\ue800' data-av_iconfont='entypo-fontello'><\/span><span class='avia_iconbox_title' >Problemas<\/span><\/a><\/div><br \/>\n<section class=\"av_textblock_section \"  itemscope=\"itemscope\" itemtype=\"https:\/\/schema.org\/CreativeWork\" ><div class='avia_textblock  '   itemprop=\"text\" ><p>Viu algum problema em um link? Comunique e deixe o Quiprocura resolver.<\/p>\n<\/div><\/section><\/p><\/div>\n<div class=\"flex_column av_two_third  flex_column_div av-zero-column-padding first  avia-builder-el-10  el_after_av_one_fourth  avia-builder-el-last  column-top-margin\" style='border-radius:0px; '><p><section class=\"av_textblock_section \"  itemscope=\"itemscope\" itemtype=\"https:\/\/schema.org\/CreativeWork\" ><div class='avia_textblock  '   itemprop=\"text\" ><p>18 de outubro de 2016<\/p>\n<p><a href=\"https:\/\/www.facebook.com\/ChemHeritage\/\" target=\"_blank\" rel=\"nofollow noopener\">A qu\u00edmica do mel<\/a><br \/>\n<a href=\"http:\/\/quiprocura.net\/w\/wp-content\/uploads\/2016\/10\/quimica-do-mel.jpg\"><img loading=\"lazy\" decoding=\"async\" class=\"aligncenter\" src=\"http:\/\/quiprocura.net\/w\/wp-content\/uploads\/2016\/10\/quimica-do-mel.jpg\" width=\"440\" height=\"311\" \/><\/a><\/p>\n<p>20 de junho de 2016<\/p>\n<p><center><br \/>\nMolecularium &#8211;\u00a0<a href=\"http:\/\/nautilus.fis.uc.pt\/molecularium\/\" target=\"_blank\" rel=\"nofollow noopener\">Simula\u00e7\u00f5es de fen\u00f4menos f\u00edsico-qu\u00edmicos, tais com efeitos de radia\u00e7\u00f5es infravermelho e microondas sobre mol\u00e9culas e efeito de temperatura e press\u00e3o sobre gases.<br \/>\n<img loading=\"lazy\" decoding=\"async\" class=\"aligncenter\" src=\"http:\/\/quiprocura.net\/w\/wp-content\/uploads\/2016\/06\/Screenshot_2016-06-20-16-44-13-1.png\" alt=\"\" width=\"281\" height=\"234\" \/><\/a><\/center>05 de junho de 2016<\/p>\n<p><center><br \/>\n<a href=\"http:\/\/www.labvirtq.fe.usp.br\/applet.asp?time=13:54:33&amp;lom=10858\" target=\"_blank\" rel=\"nofollow noopener\">A qu\u00edmica dos rem\u00e9dios &#8211; Simula\u00e7\u00f5es.<br \/>\n<img loading=\"lazy\" decoding=\"async\" class=\"aligncenter\" src=\"http:\/\/quiprocura.net\/w\/wp-content\/uploads\/2016\/06\/quimica-dos-remedios.jpg\" alt=\"\" width=\"281\" height=\"234\" \/><\/a><\/center><center><br \/>\n<a href=\"http:\/\/www.labvirtq.fe.usp.br\/applet.asp?time=22:50:59&amp;lom=10857\" target=\"_blank\" rel=\"nofollow noopener\">Acidez no vinagre &#8211; Simula\u00e7\u00f5es.<br \/>\n<img loading=\"lazy\" decoding=\"async\" class=\"aligncenter\" src=\"http:\/\/quiprocura.net\/w\/wp-content\/uploads\/2016\/06\/acidez-no-vinagre.jpg\" alt=\"\" width=\"281\" height=\"234\" \/><\/a><\/center>01 de junho de 2016<\/p>\n<p><center><br \/>\n<a href=\"http:\/\/kcd-elements.tumblr.com\/image\/26219520462\" target=\"_blank\" rel=\"nofollow noopener\">Elementos qu\u00edmicos em desenhos &#8211; L\u00edtio.<br \/>\n<img loading=\"lazy\" decoding=\"async\" class=\"aligncenter\" src=\"http:\/\/quiprocura.net\/w\/wp-content\/uploads\/2016\/06\/litio-cartoon.jpg\" alt=\"\" width=\"273\" height=\"237\" \/><\/a><br \/>\nO l\u00edtio \u00e9 usado em baterias recarreg\u00e1veis e em ligas met\u00e1licas de baixa densidade. O Li<sub>2<\/sub>CO<sub>3 <\/sub> \u00e9 utilizado como princ\u00edpio ativo de medicamentos para controle de psicose man\u00edaco-depressiva. <a href=\"http:\/\/quiprocura.net\/w\/portfolio-item\/aplicacao-dos-elementos-quimicos\" target=\"_blank\">Veja mais aplica\u00e7\u00f5es do l\u00edtio.<\/a><\/center><center><br \/>\n<a href=\"http:\/\/kcd-elements.tumblr.com\/image\/26219559053\" target=\"_blank\" rel=\"nofollow noopener\">Elementos qu\u00edmicos em desenhos &#8211; Hidrog\u00eanio.<br \/>\n<img loading=\"lazy\" decoding=\"async\" class=\"aligncenter\" src=\"http:\/\/quiprocura.net\/w\/wp-content\/uploads\/2016\/06\/hidrogenio-cartoon.jpg\" alt=\"\" width=\"273\" height=\"237\" \/><\/a><br \/>\nO hidrog\u00eanio \u00e9 utilizado na fabrica\u00e7\u00e3o de am\u00f4nia, produtos hidrogenados (margarinas, gorduras, etc), gasolina, lubrificantes e \u00e1cidos. <a href=\"http:\/\/quiprocura.net\/w\/portfolio-item\/aplicacao-dos-elementos-quimicos\" target=\"_blank\">Veja mais aplica\u00e7\u00f5es do hidrog\u00eanio.<\/a><\/center>31 de maio de 2016<\/p>\n<p><center><br \/>\nO que a polui\u00e7\u00e3o pode fazer?<br \/>\n<a href=\"http:\/\/www.lab-initio.com\/screen_res\/nz008.jpg\" target=\"_blank\" rel=\"nofollow noopener\">Anjos Ca\u00eddos.<br \/>\n<img loading=\"lazy\" decoding=\"async\" class=\"aligncenter\" src=\"http:\/\/quiprocura.net\/w\/wp-content\/uploads\/2016\/05\/anjos-caindo.jpg\" alt=\"\" width=\"273\" height=\"237\" \/><\/a><\/center><center><br \/>\n<a href=\"http:\/\/vadlo.com\/cartoons.php?id=248\" target=\"_blank\" rel=\"nofollow noopener\">Formigas reconhecem ado\u00e7ante?<\/a><a href=\"http:\/\/vadlo.com\/cartoons.php?id=248\" target=\"_blank\" rel=\"nofollow noopener\"><br \/>\n<img loading=\"lazy\" decoding=\"async\" class=\"aligncenter\" src=\"http:\/\/quiprocura.net\/w\/wp-content\/uploads\/2016\/05\/formigas-aspartame.jpg\" alt=\"\" width=\"273\" height=\"237\" \/><\/a><\/center><center>T\u00e3o doce quanto ado\u00e7ante \u00e9 o a\u00e7\u00facar.\u00a0<a href=\"http:\/\/quiprocura.net\/w\/portfolio-item\/acucar-o-constituinte-principal-dos-doces\/\" target=\"_blank\">Voc\u00ea conhece os tipos de a\u00e7\u00facar?<\/a><\/center><center><br \/>\nExperi\u00eancias de Qu\u00edmica \u00c9picas!<\/center><\/p>\n<div class='avia-iframe-wrap'><iframe loading=\"lazy\" width=\"300\" height=\"169\" src=\"https:\/\/www.youtube.com\/embed\/YNk-JjVucNQ?feature=oembed\" frameborder=\"0\" allowfullscreen><\/iframe><\/div>\n<p>O que \u00e9 Lixo?<\/p>\n<div class='avia-iframe-wrap'><iframe loading=\"lazy\" width=\"300\" height=\"169\" src=\"https:\/\/www.youtube.com\/embed\/x_yiiPpr5po?feature=oembed\" frameborder=\"0\" allowfullscreen><\/iframe><\/div>\n<p>23 de maio de 2016<\/p>\n<p><center><br \/>\nComo se formam os pr\u00f3tons? <a href=\"http:\/\/www.lab-initio.com\/screen_res\/nz220.jpg\" target=\"_blank\" rel=\"nofollow noopener\"> Guerra dos \u00e1tomos.<br \/>\n<img loading=\"lazy\" decoding=\"async\" class=\"aligncenter\" src=\"http:\/\/quiprocura.net\/w\/wp-content\/uploads\/2016\/05\/guerra-dos-atomos.jpg\" alt=\"\" width=\"273\" height=\"237\" \/><\/a><\/center><center><a href=\"http:\/\/www.chem.uci.edu\/~potma\/pictures\/cartoons\/cartoon6%20copy.jpg\" target=\"_blank\" rel=\"nofollow noopener\">N\u00e3o sejam negativos!<br \/>\n<img loading=\"lazy\" decoding=\"async\" class=\"aligncenter\" src=\"http:\/\/quiprocura.net\/w\/wp-content\/uploads\/2016\/05\/nao-sejam-negativos.jpg\" alt=\"\" width=\"309\" height=\"227\" \/><\/a><\/center><center><a href=\"http:\/\/quiprocura.net\/w\/2015\/11\/25\/filtracao-quadrinho-quimica-n06\/\" target=\"_blank\">Aspirador de p\u00f3 tem a ver com qu\u00edmica?<br \/>\n<img loading=\"lazy\" decoding=\"async\" class=\"aligncenter\" src=\"http:\/\/quiprocura.net\/w\/wp-content\/uploads\/2015\/11\/filtracao-pequeno.gif\" alt=\"\" width=\"231\" height=\"331\" \/><\/a><\/center>20 de maio de 2016<\/p>\n<p><center><br \/>\n<a href=\"http:\/\/www.lab-initio.com\/screen_res\/nz297.jpg\" target=\"_blank\" rel=\"nofollow noopener\"> Mol\u00e9culas que voc\u00ea precisa conhecer.<br \/>\n<img loading=\"lazy\" decoding=\"async\" class=\"aligncenter\" src=\"http:\/\/quiprocura.net\/w\/wp-content\/uploads\/2016\/06\/moleculas-organicas-2.jpg\" alt=\"\" width=\"231\" height=\"331\" \/><\/a><\/center><a href=\"http:\/\/www.lab-initio.com\/screen_res\/nz297.jpg\" target=\"_blank\" rel=\"nofollow noopener\"> Mol\u00e9culas que voc\u00ea precisa conhecer.<br \/>\n<img loading=\"lazy\" decoding=\"async\" class=\"\" src=\"http:\/\/quiprocura.net\/w\/wp-content\/uploads\/2016\/05\/moleculas-organicas.jpg\" alt=\"\" width=\"248\" height=\"355\" \/> <\/a><\/p>\n<p><a href=\"http:\/\/www.humorbabaca.com\/quadrinhos\/quadrinhos-diversos\/exame-de-quimica\" target=\"_blank\" rel=\"nofollow noopener\"><br \/>\n3 Tipos de metais [quadrinho]<br \/>\n<img loading=\"lazy\" decoding=\"async\" class=\"\" src=\"http:\/\/quiprocura.net\/w\/wp-content\/uploads\/2016\/06\/quadrinhos_655_exame.jpg\" alt=\"\" width=\"431\" height=\"157\" \/><\/a><\/p>\n<p><a href=\"http:\/\/quiprocura.net\/w\/2015\/08\/31\/experimentos-espetaculares-de-quimicas-002\/\" target=\"_blank\"><br \/>\nMentos e Coca Cola &#8211; mais do que um efeito especial, uma rea\u00e7\u00e3o qu\u00edmica [V\u00cdDEO]<br \/>\n<img loading=\"lazy\" decoding=\"async\" class=\"\" src=\"http:\/\/quiprocura.net\/w\/wp-content\/uploads\/2016\/05\/coca-mentos.jpg\" alt=\"\" width=\"263\" height=\"262\" \/><\/a><\/p>\n<p><a href=\"http:\/\/quiprocura.net\/w\/2015\/12\/02\/palitos-de-fosforo-quadrinho-de-quimica-n08\/\" target=\"_blank\"><br \/>\nPalitos de f\u00f3sforo s\u00e3o realmente de f\u00f3sforo? [QUADRINHO]<br \/>\n<img loading=\"lazy\" decoding=\"async\" class=\"\" src=\"http:\/\/quiprocura.net\/w\/wp-content\/uploads\/2016\/06\/fosforo.jpg\" alt=\"\" width=\"263\" height=\"262\" \/><\/a><\/p>\n<\/div><\/section><br \/>\n<div   class='hr hr-default  '><span class='hr-inner ' ><span class='hr-inner-style'><\/span><\/span><\/div><\/p><\/div><div class=\"flex_column av_one_third  flex_column_div av-zero-column-padding   column-top-margin\" style='border-radius:0px; '><\/div><\/p>\n","protected":false},"excerpt":{"rendered":"","protected":false},"author":1,"featured_media":5107,"parent":0,"menu_order":0,"comment_status":"closed","ping_status":"closed","template":"","meta":{"footnotes":""},"class_list":["post-5085","page","type-page","status-publish","has-post-thumbnail","hentry"],"yoast_head":"<!-- This site is optimized with the Yoast SEO plugin v27.2 - https:\/\/yoast.com\/product\/yoast-seo-wordpress\/ -->\n<title>Links Interessantes de Qu\u00edmica para Descontra\u00e7\u00e3o ou Aprendizagem - QuiProcura<\/title>\n<meta name=\"robots\" content=\"index, follow, max-snippet:-1, max-image-preview:large, max-video-preview:-1\" \/>\n<link rel=\"canonical\" href=\"https:\/\/quiprocura.net\/w\/links-interessantes-de-quimica-para-descontracao-ou-aprendizagem\/\" \/>\n<meta property=\"og:locale\" content=\"pt_BR\" \/>\n<meta property=\"og:type\" content=\"article\" \/>\n<meta property=\"og:title\" content=\"Links Interessantes de Qu\u00edmica para Descontra\u00e7\u00e3o ou Aprendizagem - QuiProcura\" \/>\n<meta property=\"og:url\" content=\"https:\/\/quiprocura.net\/w\/links-interessantes-de-quimica-para-descontracao-ou-aprendizagem\/\" \/>\n<meta property=\"og:site_name\" content=\"QuiProcura\" \/>\n<meta property=\"article:modified_time\" content=\"2016-10-18T12:55:39+00:00\" \/>\n<meta property=\"og:image\" content=\"https:\/\/quiprocura.net\/w\/wp-content\/uploads\/2016\/05\/links-de-quimica-quiprocura1.gif\" \/>\n\t<meta property=\"og:image:width\" content=\"472\" \/>\n\t<meta property=\"og:image:height\" content=\"239\" \/>\n\t<meta property=\"og:image:type\" content=\"image\/gif\" \/>\n<meta name=\"twitter:card\" content=\"summary_large_image\" \/>\n<meta name=\"twitter:label1\" content=\"Est. tempo de leitura\" \/>\n\t<meta name=\"twitter:data1\" content=\"6 minutos\" \/>\n<script type=\"application\/ld+json\" class=\"yoast-schema-graph\">{\"@context\":\"https:\/\/schema.org\",\"@graph\":[{\"@type\":\"WebPage\",\"@id\":\"https:\/\/quiprocura.net\/w\/links-interessantes-de-quimica-para-descontracao-ou-aprendizagem\/\",\"url\":\"https:\/\/quiprocura.net\/w\/links-interessantes-de-quimica-para-descontracao-ou-aprendizagem\/\",\"name\":\"Links Interessantes de Qu\u00edmica para Descontra\u00e7\u00e3o ou Aprendizagem - QuiProcura\",\"isPartOf\":{\"@id\":\"https:\/\/quiprocura.net\/w\/#website\"},\"primaryImageOfPage\":{\"@id\":\"https:\/\/quiprocura.net\/w\/links-interessantes-de-quimica-para-descontracao-ou-aprendizagem\/#primaryimage\"},\"image\":{\"@id\":\"https:\/\/quiprocura.net\/w\/links-interessantes-de-quimica-para-descontracao-ou-aprendizagem\/#primaryimage\"},\"thumbnailUrl\":\"https:\/\/quiprocura.net\/w\/wp-content\/uploads\/2016\/05\/links-de-quimica-quiprocura1.gif\",\"datePublished\":\"2016-05-20T14:05:41+00:00\",\"dateModified\":\"2016-10-18T12:55:39+00:00\",\"breadcrumb\":{\"@id\":\"https:\/\/quiprocura.net\/w\/links-interessantes-de-quimica-para-descontracao-ou-aprendizagem\/#breadcrumb\"},\"inLanguage\":\"pt-BR\",\"potentialAction\":[{\"@type\":\"ReadAction\",\"target\":[\"https:\/\/quiprocura.net\/w\/links-interessantes-de-quimica-para-descontracao-ou-aprendizagem\/\"]}]},{\"@type\":\"ImageObject\",\"inLanguage\":\"pt-BR\",\"@id\":\"https:\/\/quiprocura.net\/w\/links-interessantes-de-quimica-para-descontracao-ou-aprendizagem\/#primaryimage\",\"url\":\"https:\/\/quiprocura.net\/w\/wp-content\/uploads\/2016\/05\/links-de-quimica-quiprocura1.gif\",\"contentUrl\":\"https:\/\/quiprocura.net\/w\/wp-content\/uploads\/2016\/05\/links-de-quimica-quiprocura1.gif\",\"width\":472,\"height\":239},{\"@type\":\"BreadcrumbList\",\"@id\":\"https:\/\/quiprocura.net\/w\/links-interessantes-de-quimica-para-descontracao-ou-aprendizagem\/#breadcrumb\",\"itemListElement\":[{\"@type\":\"ListItem\",\"position\":1,\"name\":\"In\u00edcio\",\"item\":\"https:\/\/quiprocura.net\/w\/\"},{\"@type\":\"ListItem\",\"position\":2,\"name\":\"Links Interessantes de Qu\u00edmica para Descontra\u00e7\u00e3o ou Aprendizagem\"}]},{\"@type\":\"WebSite\",\"@id\":\"https:\/\/quiprocura.net\/w\/#website\",\"url\":\"https:\/\/quiprocura.net\/w\/\",\"name\":\"QuiProcura\",\"description\":\"Conte\u00fados de qu\u00edmica, v\u00eddeos, figuras e muito mais.\",\"publisher\":{\"@id\":\"https:\/\/quiprocura.net\/w\/#\/schema\/person\/5f45798853889ca34a52bdd0208e9434\"},\"potentialAction\":[{\"@type\":\"SearchAction\",\"target\":{\"@type\":\"EntryPoint\",\"urlTemplate\":\"https:\/\/quiprocura.net\/w\/?s={search_term_string}\"},\"query-input\":{\"@type\":\"PropertyValueSpecification\",\"valueRequired\":true,\"valueName\":\"search_term_string\"}}],\"inLanguage\":\"pt-BR\"},{\"@type\":[\"Person\",\"Organization\"],\"@id\":\"https:\/\/quiprocura.net\/w\/#\/schema\/person\/5f45798853889ca34a52bdd0208e9434\",\"name\":\"Miguel\",\"image\":{\"@type\":\"ImageObject\",\"inLanguage\":\"pt-BR\",\"@id\":\"https:\/\/secure.gravatar.com\/avatar\/04972ea4984ee184e04f6f2a132a089515d0370621849c81e4b8ecad4cff8dc6?s=96&d=mm&r=g\",\"url\":\"https:\/\/secure.gravatar.com\/avatar\/04972ea4984ee184e04f6f2a132a089515d0370621849c81e4b8ecad4cff8dc6?s=96&d=mm&r=g\",\"contentUrl\":\"https:\/\/secure.gravatar.com\/avatar\/04972ea4984ee184e04f6f2a132a089515d0370621849c81e4b8ecad4cff8dc6?s=96&d=mm&r=g\",\"caption\":\"Miguel\"},\"logo\":{\"@id\":\"https:\/\/secure.gravatar.com\/avatar\/04972ea4984ee184e04f6f2a132a089515d0370621849c81e4b8ecad4cff8dc6?s=96&d=mm&r=g\"},\"description\":\"Licenciado, Mestre e Doutor em Qu\u00edmica. Atua na \u00e1rea Ambiental e em Ensino de Ci\u00eancias. Atualmente, faz p\u00f3s doutorado em Ci\u00eancia dos Materiais e \u00e9 professor Adjunto III da Universidade Federal do Tocantins. Escreve para o quiprocura.net desde 2001.\",\"sameAs\":[\"http:\/\/quiprocura.net\"]}]}<\/script>\n<!-- \/ Yoast SEO plugin. -->","yoast_head_json":{"title":"Links Interessantes de Qu\u00edmica para Descontra\u00e7\u00e3o ou Aprendizagem - QuiProcura","robots":{"index":"index","follow":"follow","max-snippet":"max-snippet:-1","max-image-preview":"max-image-preview:large","max-video-preview":"max-video-preview:-1"},"canonical":"https:\/\/quiprocura.net\/w\/links-interessantes-de-quimica-para-descontracao-ou-aprendizagem\/","og_locale":"pt_BR","og_type":"article","og_title":"Links Interessantes de Qu\u00edmica para Descontra\u00e7\u00e3o ou Aprendizagem - QuiProcura","og_url":"https:\/\/quiprocura.net\/w\/links-interessantes-de-quimica-para-descontracao-ou-aprendizagem\/","og_site_name":"QuiProcura","article_modified_time":"2016-10-18T12:55:39+00:00","og_image":[{"width":472,"height":239,"url":"https:\/\/quiprocura.net\/w\/wp-content\/uploads\/2016\/05\/links-de-quimica-quiprocura1.gif","type":"image\/gif"}],"twitter_card":"summary_large_image","twitter_misc":{"Est. tempo de leitura":"6 minutos"},"schema":{"@context":"https:\/\/schema.org","@graph":[{"@type":"WebPage","@id":"https:\/\/quiprocura.net\/w\/links-interessantes-de-quimica-para-descontracao-ou-aprendizagem\/","url":"https:\/\/quiprocura.net\/w\/links-interessantes-de-quimica-para-descontracao-ou-aprendizagem\/","name":"Links Interessantes de Qu\u00edmica para Descontra\u00e7\u00e3o ou Aprendizagem - QuiProcura","isPartOf":{"@id":"https:\/\/quiprocura.net\/w\/#website"},"primaryImageOfPage":{"@id":"https:\/\/quiprocura.net\/w\/links-interessantes-de-quimica-para-descontracao-ou-aprendizagem\/#primaryimage"},"image":{"@id":"https:\/\/quiprocura.net\/w\/links-interessantes-de-quimica-para-descontracao-ou-aprendizagem\/#primaryimage"},"thumbnailUrl":"https:\/\/quiprocura.net\/w\/wp-content\/uploads\/2016\/05\/links-de-quimica-quiprocura1.gif","datePublished":"2016-05-20T14:05:41+00:00","dateModified":"2016-10-18T12:55:39+00:00","breadcrumb":{"@id":"https:\/\/quiprocura.net\/w\/links-interessantes-de-quimica-para-descontracao-ou-aprendizagem\/#breadcrumb"},"inLanguage":"pt-BR","potentialAction":[{"@type":"ReadAction","target":["https:\/\/quiprocura.net\/w\/links-interessantes-de-quimica-para-descontracao-ou-aprendizagem\/"]}]},{"@type":"ImageObject","inLanguage":"pt-BR","@id":"https:\/\/quiprocura.net\/w\/links-interessantes-de-quimica-para-descontracao-ou-aprendizagem\/#primaryimage","url":"https:\/\/quiprocura.net\/w\/wp-content\/uploads\/2016\/05\/links-de-quimica-quiprocura1.gif","contentUrl":"https:\/\/quiprocura.net\/w\/wp-content\/uploads\/2016\/05\/links-de-quimica-quiprocura1.gif","width":472,"height":239},{"@type":"BreadcrumbList","@id":"https:\/\/quiprocura.net\/w\/links-interessantes-de-quimica-para-descontracao-ou-aprendizagem\/#breadcrumb","itemListElement":[{"@type":"ListItem","position":1,"name":"In\u00edcio","item":"https:\/\/quiprocura.net\/w\/"},{"@type":"ListItem","position":2,"name":"Links Interessantes de Qu\u00edmica para Descontra\u00e7\u00e3o ou Aprendizagem"}]},{"@type":"WebSite","@id":"https:\/\/quiprocura.net\/w\/#website","url":"https:\/\/quiprocura.net\/w\/","name":"QuiProcura","description":"Conte\u00fados de qu\u00edmica, v\u00eddeos, figuras e muito mais.","publisher":{"@id":"https:\/\/quiprocura.net\/w\/#\/schema\/person\/5f45798853889ca34a52bdd0208e9434"},"potentialAction":[{"@type":"SearchAction","target":{"@type":"EntryPoint","urlTemplate":"https:\/\/quiprocura.net\/w\/?s={search_term_string}"},"query-input":{"@type":"PropertyValueSpecification","valueRequired":true,"valueName":"search_term_string"}}],"inLanguage":"pt-BR"},{"@type":["Person","Organization"],"@id":"https:\/\/quiprocura.net\/w\/#\/schema\/person\/5f45798853889ca34a52bdd0208e9434","name":"Miguel","image":{"@type":"ImageObject","inLanguage":"pt-BR","@id":"https:\/\/secure.gravatar.com\/avatar\/04972ea4984ee184e04f6f2a132a089515d0370621849c81e4b8ecad4cff8dc6?s=96&d=mm&r=g","url":"https:\/\/secure.gravatar.com\/avatar\/04972ea4984ee184e04f6f2a132a089515d0370621849c81e4b8ecad4cff8dc6?s=96&d=mm&r=g","contentUrl":"https:\/\/secure.gravatar.com\/avatar\/04972ea4984ee184e04f6f2a132a089515d0370621849c81e4b8ecad4cff8dc6?s=96&d=mm&r=g","caption":"Miguel"},"logo":{"@id":"https:\/\/secure.gravatar.com\/avatar\/04972ea4984ee184e04f6f2a132a089515d0370621849c81e4b8ecad4cff8dc6?s=96&d=mm&r=g"},"description":"Licenciado, Mestre e Doutor em Qu\u00edmica. Atua na \u00e1rea Ambiental e em Ensino de Ci\u00eancias. Atualmente, faz p\u00f3s doutorado em Ci\u00eancia dos Materiais e \u00e9 professor Adjunto III da Universidade Federal do Tocantins. Escreve para o quiprocura.net desde 2001.","sameAs":["http:\/\/quiprocura.net"]}]}},"_links":{"self":[{"href":"https:\/\/quiprocura.net\/w\/wp-json\/wp\/v2\/pages\/5085","targetHints":{"allow":["GET"]}}],"collection":[{"href":"https:\/\/quiprocura.net\/w\/wp-json\/wp\/v2\/pages"}],"about":[{"href":"https:\/\/quiprocura.net\/w\/wp-json\/wp\/v2\/types\/page"}],"author":[{"embeddable":true,"href":"https:\/\/quiprocura.net\/w\/wp-json\/wp\/v2\/users\/1"}],"replies":[{"embeddable":true,"href":"https:\/\/quiprocura.net\/w\/wp-json\/wp\/v2\/comments?post=5085"}],"version-history":[{"count":24,"href":"https:\/\/quiprocura.net\/w\/wp-json\/wp\/v2\/pages\/5085\/revisions"}],"predecessor-version":[{"id":5456,"href":"https:\/\/quiprocura.net\/w\/wp-json\/wp\/v2\/pages\/5085\/revisions\/5456"}],"wp:featuredmedia":[{"embeddable":true,"href":"https:\/\/quiprocura.net\/w\/wp-json\/wp\/v2\/media\/5107"}],"wp:attachment":[{"href":"https:\/\/quiprocura.net\/w\/wp-json\/wp\/v2\/media?parent=5085"}],"curies":[{"name":"wp","href":"https:\/\/api.w.org\/{rel}","templated":true}]}}