{"id":3355,"date":"2015-06-28T13:50:52","date_gmt":"2015-06-28T13:50:52","guid":{"rendered":"http:\/\/quiprocura.net\/w\/?page_id=3355"},"modified":"2015-07-12T18:27:07","modified_gmt":"2015-07-12T21:27:07","slug":"elementos-quimicos","status":"publish","type":"page","link":"https:\/\/quiprocura.net\/w\/elementos-quimicos\/","title":{"rendered":"Elementos Qu\u00edmicos"},"content":{"rendered":"<div  class='avia-builder-widget-area clearfix  avia-builder-el-0  el_before_av_two_third  avia-builder-el-first '><div id=\"text-35\" class=\"widget clearfix widget_text\">\t\t\t<div class=\"textwidget\"><h3>QuiProcura Qu\u00edmica<\/h3>\n<p><script async src=\"https:\/\/pagead2.googlesyndication.com\/pagead\/js\/adsbygoogle.js?client=ca-pub-5517334625230773\"\n     crossorigin=\"anonymous\"><\/script><br \/>\n<!-- anuncio superior --><br \/>\n<ins class=\"adsbygoogle\"\n     style=\"display:inline-block;width:728px;height:90px\"\n     data-ad-client=\"ca-pub-5517334625230773\"\n     data-ad-slot=\"3817602043\"><\/ins><br \/>\n<script>\n     (adsbygoogle = window.adsbygoogle || []).push({});\n<\/script><\/p>\n<\/div>\n\t\t<\/div><\/div>\n<div class=\"flex_column av_two_third  flex_column_div av-zero-column-padding first  avia-builder-el-1  el_after_av_sidebar  el_before_av_one_third  \" style='border-radius:0px; '><div id='av-masonry-1' class='av-masonry  noHover av-fixed-size av-1px-gap av-hover-overlay-active av-masonry-animation-active av-masonry-col-3 av-caption-always av-caption-style-    '  ><div class='av-masonry-container isotope av-js-disabled ' ><div class='av-masonry-entry isotope-item av-masonry-item-no-image all_sort elementos-quimicos_sort  noticias_sort '><\/div><a href=\"https:\/\/quiprocura.net\/w\/portfolio-item\/titanio\/\"  id='av-masonry-1-item-3376' data-av-masonry-item='3376' class='av-masonry-entry isotope-item post-3376 portfolio type-portfolio status-publish has-post-thumbnail hentry tag-aplicacao tag-elementos tag-elementos-quimicos tag-metais tag-metal tag-quimica tag-serve-para tag-tabela-periodica tag-titanio portfolio_entries-elementos-quimicos all_sort elementos-quimicos_sort  av-masonry-item-with-image av-grid-img' title=\"ti\"  itemscope=\"itemscope\" itemtype=\"https:\/\/schema.org\/CreativeWork\" ><div class='av-inner-masonry-sizer'><\/div><figure class='av-inner-masonry main_color'><div class=\"av-masonry-outerimage-container\"><div class=\"av-masonry-image-container\" style=\"background-image: url(https:\/\/quiprocura.net\/w\/wp-content\/uploads\/2015\/06\/ti1.gif);\" title=\"ti\" ><\/div><\/div><figcaption class='av-inner-masonry-content site-background'><div class='av-inner-masonry-content-pos'><div class='av-inner-masonry-content-pos-content'><div class='avia-arrow'><\/div><h3 class='av-masonry-entry-title entry-title '  itemprop=\"headline\" >Tit\u00e2nio &#8211; Aplica\u00e7\u00f5es<\/h3><\/div><\/div><\/figcaption><\/figure><\/a><!--end av-masonry entry--><a href=\"https:\/\/quiprocura.net\/w\/portfolio-item\/historico-dos-elementos-quimicos\/\"  id='av-masonry-1-item-3973' data-av-masonry-item='3973' class='av-masonry-entry isotope-item post-3973 portfolio type-portfolio status-publish hentry tag-elemento tag-elementos-quimicos tag-historia tag-quimica tag-tabela-periodica portfolio_entries-elementos-quimicos all_sort elementos-quimicos_sort  av-masonry-item-no-image' title=\"Hist\u00f3rico dos Elementos Qu\u00edmicos\"  itemscope=\"itemscope\" itemtype=\"https:\/\/schema.org\/CreativeWork\" ><div class='av-inner-masonry-sizer'><\/div><figure class='av-inner-masonry main_color'><figcaption class='av-inner-masonry-content site-background'><div class='av-inner-masonry-content-pos'><div class='av-inner-masonry-content-pos-content'><div class='avia-arrow'><\/div><h3 class='av-masonry-entry-title entry-title '  itemprop=\"headline\" >Hist\u00f3rico dos Elementos Qu\u00edmicos<\/h3><\/div><\/div><\/figcaption><\/figure><\/a><!--end av-masonry entry--><a href=\"https:\/\/quiprocura.net\/w\/portfolio-item\/zinco\/\"  id='av-masonry-1-item-3675' data-av-masonry-item='3675' class='av-masonry-entry isotope-item post-3675 portfolio type-portfolio status-publish hentry tag-aplicacao tag-elemento tag-metais tag-metal tag-quimica tag-quimico tag-zinco portfolio_entries-elementos-quimicos all_sort elementos-quimicos_sort  av-masonry-item-no-image' title=\"Zinco\"  itemscope=\"itemscope\" itemtype=\"https:\/\/schema.org\/CreativeWork\" ><div class='av-inner-masonry-sizer'><\/div><figure class='av-inner-masonry main_color'><figcaption class='av-inner-masonry-content site-background'><div class='av-inner-masonry-content-pos'><div class='av-inner-masonry-content-pos-content'><div class='avia-arrow'><\/div><h3 class='av-masonry-entry-title entry-title '  itemprop=\"headline\" >Zinco<\/h3><\/div><\/div><\/figcaption><\/figure><\/a><!--end av-masonry entry--><a href=\"https:\/\/quiprocura.net\/w\/portfolio-item\/descricao-das-familias-da-tabela-periodica\/\"  id='av-masonry-1-item-3517' data-av-masonry-item='3517' class='av-masonry-entry isotope-item post-3517 portfolio type-portfolio status-publish has-post-thumbnail hentry tag-elementos-quimicos tag-familias-tabela-periodica tag-historico tag-tabela-periodica portfolio_entries-elementos-quimicos all_sort elementos-quimicos_sort  av-masonry-item-with-image av-landscape-img' title=\"Descri\u00e7\u00e3o da Tabela Peri\u00f3dica\"  itemscope=\"itemscope\" itemtype=\"https:\/\/schema.org\/CreativeWork\" ><div class='av-inner-masonry-sizer'><\/div><figure class='av-inner-masonry main_color'><div class=\"av-masonry-outerimage-container\"><div class=\"av-masonry-image-container\" style=\"background-image: url(https:\/\/quiprocura.net\/w\/wp-content\/uploads\/2015\/06\/descri\u00e7\u00e3o-da-tabela.jpg);\" title=\"Descri\u00e7\u00e3o da Tabela Peri\u00f3dica\" ><\/div><\/div><figcaption class='av-inner-masonry-content site-background'><div class='av-inner-masonry-content-pos'><div class='av-inner-masonry-content-pos-content'><div class='avia-arrow'><\/div><h3 class='av-masonry-entry-title entry-title '  itemprop=\"headline\" >Descri\u00e7\u00e3o das Fam\u00edlias da Tabela Peri\u00f3dica<\/h3><\/div><\/div><\/figcaption><\/figure><\/a><!--end av-masonry entry--><a href=\"https:\/\/quiprocura.net\/w\/portfolio-item\/silicio-do-grao-de-areia-ao-circuito-de-computador\/\"  id='av-masonry-1-item-3382' data-av-masonry-item='3382' class='av-masonry-entry isotope-item post-3382 portfolio type-portfolio status-publish has-post-thumbnail hentry tag-aplicacao tag-elemento-quimico tag-silicio tag-tabela-periodica portfolio_entries-noticias portfolio_entries-elementos-quimicos all_sort noticias_sort  elementos-quimicos_sort  av-masonry-item-with-image av-landscape-img' title=\"Circuito eletr\u00f4nico &#8211; quiprocura\"  itemscope=\"itemscope\" itemtype=\"https:\/\/schema.org\/CreativeWork\" ><div class='av-inner-masonry-sizer'><\/div><figure class='av-inner-masonry main_color'><div class=\"av-masonry-outerimage-container\"><div class=\"av-masonry-image-container\" style=\"background-image: url(https:\/\/quiprocura.net\/w\/wp-content\/uploads\/2015\/06\/Circuito-eletr\u00f4nico-quiprocura-705x217.jpg);\" title=\"Circuito eletr\u00f4nico &#8211; quiprocura\" ><\/div><\/div><figcaption class='av-inner-masonry-content site-background'><div class='av-inner-masonry-content-pos'><div class='av-inner-masonry-content-pos-content'><div class='avia-arrow'><\/div><h3 class='av-masonry-entry-title entry-title '  itemprop=\"headline\" >Sil\u00edcio &#8211; do gr\u00e3o de areia ao circuito de computador<\/h3><\/div><\/div><\/figcaption><\/figure><\/a><!--end av-masonry entry--><a href=\"https:\/\/quiprocura.net\/w\/portfolio-item\/xenonio\/\"  id='av-masonry-1-item-3379' data-av-masonry-item='3379' class='av-masonry-entry isotope-item post-3379 portfolio type-portfolio status-publish hentry tag-elemento tag-elementos-quimicos tag-gas-nobre tag-gases-nobres portfolio_entries-elementos-quimicos all_sort elementos-quimicos_sort  av-masonry-item-no-image' title=\"Xen\u00f4nio &#8211; Hist\u00f3rico e Aplica\u00e7\u00f5es\"  itemscope=\"itemscope\" itemtype=\"https:\/\/schema.org\/CreativeWork\" ><div class='av-inner-masonry-sizer'><\/div><figure class='av-inner-masonry main_color'><figcaption class='av-inner-masonry-content site-background'><div class='av-inner-masonry-content-pos'><div class='av-inner-masonry-content-pos-content'><div class='avia-arrow'><\/div><h3 class='av-masonry-entry-title entry-title '  itemprop=\"headline\" >Xen\u00f4nio &#8211; Hist\u00f3rico e Aplica\u00e7\u00f5es<\/h3><\/div><\/div><\/figcaption><\/figure><\/a><!--end av-masonry entry--><a href=\"https:\/\/quiprocura.net\/w\/portfolio-item\/aplicacao-dos-elementos-quimicos\/\"  id='av-masonry-1-item-3419' data-av-masonry-item='3419' class='av-masonry-entry isotope-item post-3419 portfolio type-portfolio status-publish has-post-thumbnail hentry tag-ametal tag-aplicacao tag-elementos-quimicos tag-gas tag-metal tag-nobre tag-o-que-e tag-serve-para tag-uso tag-utilidade portfolio_entries-elementos-quimicos all_sort elementos-quimicos_sort  av-masonry-item-with-image av-grid-img' title=\"tabela elementos\"  itemscope=\"itemscope\" itemtype=\"https:\/\/schema.org\/CreativeWork\" ><div class='av-inner-masonry-sizer'><\/div><figure class='av-inner-masonry main_color'><div class=\"av-masonry-outerimage-container\"><div class=\"av-masonry-image-container\" style=\"background-image: url(https:\/\/quiprocura.net\/w\/wp-content\/uploads\/2015\/06\/tabela-elementos.jpg);\" title=\"tabela elementos\" ><\/div><\/div><figcaption class='av-inner-masonry-content site-background'><div class='av-inner-masonry-content-pos'><div class='av-inner-masonry-content-pos-content'><div class='avia-arrow'><\/div><h3 class='av-masonry-entry-title entry-title '  itemprop=\"headline\" >Aplica\u00e7\u00e3o dos Elementos Qu\u00edmicos<\/h3><\/div><\/div><\/figcaption><\/figure><\/a><!--end av-masonry entry--><a href=\"https:\/\/quiprocura.net\/w\/portfolio-item\/oxigenio-e-ar\/\"  id='av-masonry-1-item-3374' data-av-masonry-item='3374' class='av-masonry-entry isotope-item post-3374 portfolio type-portfolio status-publish has-post-thumbnail hentry tag-air tag-aplicacao tag-ar tag-atmosfera tag-elemento-quimico tag-elementos-quimicos tag-oxigenio tag-tabela-periodica portfolio_entries-elementos-quimicos all_sort elementos-quimicos_sort  av-masonry-item-with-image av-grid-img' title=\"oxigenio\"  itemscope=\"itemscope\" itemtype=\"https:\/\/schema.org\/CreativeWork\" ><div class='av-inner-masonry-sizer'><\/div><figure class='av-inner-masonry main_color'><div class=\"av-masonry-outerimage-container\"><div class=\"av-masonry-image-container\" style=\"background-image: url(https:\/\/quiprocura.net\/w\/wp-content\/uploads\/2015\/06\/oxigenio.gif);\" title=\"oxigenio\" ><\/div><\/div><figcaption class='av-inner-masonry-content site-background'><div class='av-inner-masonry-content-pos'><div class='av-inner-masonry-content-pos-content'><div class='avia-arrow'><\/div><h3 class='av-masonry-entry-title entry-title '  itemprop=\"headline\" >Oxig\u00eanio \u00e9 ar?<\/h3><\/div><\/div><\/figcaption><\/figure><\/a><!--end av-masonry entry--><a href=\"https:\/\/quiprocura.net\/w\/portfolio-item\/hidrogenio-primeiro-elemento-da-tabela-periodica\/\"  id='av-masonry-1-item-3370' data-av-masonry-item='3370' class='av-masonry-entry isotope-item post-3370 portfolio type-portfolio status-publish has-post-thumbnail hentry tag-elemento tag-elementos-quimicos tag-hidrogenio tag-quimica tag-sol portfolio_entries-elementos-quimicos all_sort elementos-quimicos_sort  av-masonry-item-with-image av-grid-img' title=\"hidrogenio\"  itemscope=\"itemscope\" itemtype=\"https:\/\/schema.org\/CreativeWork\" ><div class='av-inner-masonry-sizer'><\/div><figure class='av-inner-masonry main_color'><div class=\"av-masonry-outerimage-container\"><div class=\"av-masonry-image-container\" style=\"background-image: url(https:\/\/quiprocura.net\/w\/wp-content\/uploads\/2015\/06\/hidrogenio1.gif);\" title=\"hidrogenio\" ><\/div><\/div><figcaption class='av-inner-masonry-content site-background'><div class='av-inner-masonry-content-pos'><div class='av-inner-masonry-content-pos-content'><div class='avia-arrow'><\/div><h3 class='av-masonry-entry-title entry-title '  itemprop=\"headline\" >Hidrog\u00eanio &#8211;  Primeiro Elemento da Tabela Peri\u00f3dica<\/h3><\/div><\/div><\/figcaption><\/figure><\/a><!--end av-masonry entry--><a href=\"https:\/\/quiprocura.net\/w\/portfolio-item\/enxofre\/\"  id='av-masonry-1-item-3360' data-av-masonry-item='3360' class='av-masonry-entry isotope-item post-3360 portfolio type-portfolio status-publish has-post-thumbnail hentry tag-elemento tag-elementos-quimicos tag-oil tag-petroleo tag-quimica tag-tabela-periodica portfolio_entries-elementos-quimicos all_sort elementos-quimicos_sort  av-masonry-item-with-image av-landscape-img' title=\"enxofre\"  itemscope=\"itemscope\" itemtype=\"https:\/\/schema.org\/CreativeWork\" ><div class='av-inner-masonry-sizer'><\/div><figure class='av-inner-masonry main_color'><div class=\"av-masonry-outerimage-container\"><div class=\"av-masonry-image-container\" style=\"background-image: url(https:\/\/quiprocura.net\/w\/wp-content\/uploads\/2015\/06\/enxofre-705x265.jpg);\" title=\"enxofre\" ><\/div><\/div><figcaption class='av-inner-masonry-content site-background'><div class='av-inner-masonry-content-pos'><div class='av-inner-masonry-content-pos-content'><div class='avia-arrow'><\/div><h3 class='av-masonry-entry-title entry-title '  itemprop=\"headline\" >Enxofre<\/h3><\/div><\/div><\/figcaption><\/figure><\/a><!--end av-masonry entry--><a href=\"https:\/\/quiprocura.net\/w\/portfolio-item\/cloro\/\"  id='av-masonry-1-item-3359' data-av-masonry-item='3359' class='av-masonry-entry isotope-item post-3359 portfolio type-portfolio status-publish hentry tag-aplicacao tag-arma-quimica tag-cloro tag-desinfetante tag-elemento tag-elementos-quimicos tag-quimica tag-tabela-periodica tag-video tag-videos portfolio_entries-elementos-quimicos all_sort elementos-quimicos_sort  av-masonry-item-no-image' title=\"Cloro &#8211; Aplica\u00e7\u00f5es e Presen\u00e7a no Cotidiano\"  itemscope=\"itemscope\" itemtype=\"https:\/\/schema.org\/CreativeWork\" ><div class='av-inner-masonry-sizer'><\/div><figure class='av-inner-masonry main_color'><figcaption class='av-inner-masonry-content site-background'><div class='av-inner-masonry-content-pos'><div class='av-inner-masonry-content-pos-content'><div class='avia-arrow'><\/div><h3 class='av-masonry-entry-title entry-title '  itemprop=\"headline\" >Cloro &#8211; Aplica\u00e7\u00f5es e Presen\u00e7a no Cotidiano<\/h3><\/div><\/div><\/figcaption><\/figure><\/a><!--end av-masonry entry--><a href=\"https:\/\/quiprocura.net\/w\/portfolio-item\/ar-oxigenio-gas-nobre-ou-mistura-de-gases\/\"  id='av-masonry-1-item-3358' data-av-masonry-item='3358' class='av-masonry-entry isotope-item post-3358 portfolio type-portfolio status-publish has-post-thumbnail hentry tag-aplicacao tag-argonio tag-atmosfera tag-elemento tag-elementos-quimicos tag-gas-nobre tag-lampada-incandescente tag-quimica portfolio_entries-elementos-quimicos all_sort elementos-quimicos_sort  av-masonry-item-with-image av-grid-img' title=\"ar\"  itemscope=\"itemscope\" itemtype=\"https:\/\/schema.org\/CreativeWork\" ><div class='av-inner-masonry-sizer'><\/div><figure class='av-inner-masonry main_color'><div class=\"av-masonry-outerimage-container\"><div class=\"av-masonry-image-container\" style=\"background-image: url(https:\/\/quiprocura.net\/w\/wp-content\/uploads\/2015\/06\/ar.gif);\" title=\"ar\" ><\/div><\/div><figcaption class='av-inner-masonry-content site-background'><div class='av-inner-masonry-content-pos'><div class='av-inner-masonry-content-pos-content'><div class='avia-arrow'><\/div><h3 class='av-masonry-entry-title entry-title '  itemprop=\"headline\" >Ar &#8211; oxig\u00eanio, g\u00e1s nobre ou mistura de gases?<\/h3><\/div><\/div><\/figcaption><\/figure><\/a><!--end av-masonry entry--><\/div><div class='av-masonry-pagination av-masonry-pagination-pagination'><nav class='pagination'><span class='pagination-meta'>P\u00e1gina 1 de 2<\/span><span class='current'>1<\/span><a href='https:\/\/quiprocura.net\/w\/wp-json\/wp\/v2\/pages\/3355\/?avia-element-paging=2' class='inactive next_page' >2<\/a><\/nav>\n<\/div><\/div><\/div>\n<div class=\"flex_column av_one_third  flex_column_div av-zero-column-padding   avia-builder-el-3  el_after_av_two_third  avia-builder-el-last  \" style='border-radius:0px; '><p><br \/>\n<div  class='avia-builder-widget-area clearfix  avia-builder-el-5  el_after_av_sidebar  el_before_av_sidebar '><section id=\"custom_html-3\" class=\"widget_text widget clearfix widget_custom_html\"><div class=\"textwidget custom-html-widget\"><script async src=\"https:\/\/pagead2.googlesyndication.com\/pagead\/js\/adsbygoogle.js?client=ca-pub-5517334625230773\"\n     crossorigin=\"anonymous\"><\/script>\n<!-- quadrado -->\n<ins class=\"adsbygoogle\"\n     style=\"display:block\"\n     data-ad-client=\"ca-pub-5517334625230773\"\n     data-ad-slot=\"8787873781\"\n     data-ad-format=\"auto\"\n     data-full-width-responsive=\"true\"><\/ins>\n<script>\n     (adsbygoogle = window.adsbygoogle || []).push({});\n<\/script><\/div><span class=\"seperator extralight-border\"><\/span><\/section><\/div><br \/>\n<\/p><\/div>\n","protected":false},"excerpt":{"rendered":"","protected":false},"author":1,"featured_media":0,"parent":0,"menu_order":0,"comment_status":"closed","ping_status":"closed","template":"","meta":{"footnotes":""},"class_list":["post-3355","page","type-page","status-publish","hentry"],"yoast_head":"<!-- This site is optimized with the Yoast SEO plugin v27.2 - https:\/\/yoast.com\/product\/yoast-seo-wordpress\/ -->\n<title>Elementos Qu\u00edmicos - QuiProcura<\/title>\n<meta name=\"robots\" content=\"index, follow, max-snippet:-1, max-image-preview:large, max-video-preview:-1\" \/>\n<link rel=\"canonical\" href=\"https:\/\/quiprocura.net\/w\/elementos-quimicos\/\" \/>\n<meta property=\"og:locale\" content=\"pt_BR\" \/>\n<meta property=\"og:type\" content=\"article\" \/>\n<meta property=\"og:title\" content=\"Elementos Qu\u00edmicos - QuiProcura\" \/>\n<meta property=\"og:url\" content=\"https:\/\/quiprocura.net\/w\/elementos-quimicos\/\" \/>\n<meta property=\"og:site_name\" content=\"QuiProcura\" \/>\n<meta property=\"article:modified_time\" content=\"2015-07-12T21:27:07+00:00\" \/>\n<meta name=\"twitter:card\" content=\"summary_large_image\" \/>\n<meta name=\"twitter:label1\" content=\"Est. tempo de leitura\" \/>\n\t<meta name=\"twitter:data1\" content=\"1 minuto\" \/>\n<script type=\"application\/ld+json\" class=\"yoast-schema-graph\">{\"@context\":\"https:\/\/schema.org\",\"@graph\":[{\"@type\":\"WebPage\",\"@id\":\"https:\/\/quiprocura.net\/w\/elementos-quimicos\/\",\"url\":\"https:\/\/quiprocura.net\/w\/elementos-quimicos\/\",\"name\":\"Elementos Qu\u00edmicos - QuiProcura\",\"isPartOf\":{\"@id\":\"https:\/\/quiprocura.net\/w\/#website\"},\"datePublished\":\"2015-06-28T13:50:52+00:00\",\"dateModified\":\"2015-07-12T21:27:07+00:00\",\"breadcrumb\":{\"@id\":\"https:\/\/quiprocura.net\/w\/elementos-quimicos\/#breadcrumb\"},\"inLanguage\":\"pt-BR\",\"potentialAction\":[{\"@type\":\"ReadAction\",\"target\":[\"https:\/\/quiprocura.net\/w\/elementos-quimicos\/\"]}]},{\"@type\":\"BreadcrumbList\",\"@id\":\"https:\/\/quiprocura.net\/w\/elementos-quimicos\/#breadcrumb\",\"itemListElement\":[{\"@type\":\"ListItem\",\"position\":1,\"name\":\"In\u00edcio\",\"item\":\"https:\/\/quiprocura.net\/w\/\"},{\"@type\":\"ListItem\",\"position\":2,\"name\":\"Elementos Qu\u00edmicos\"}]},{\"@type\":\"WebSite\",\"@id\":\"https:\/\/quiprocura.net\/w\/#website\",\"url\":\"https:\/\/quiprocura.net\/w\/\",\"name\":\"QuiProcura\",\"description\":\"Conte\u00fados de qu\u00edmica, v\u00eddeos, figuras e muito mais.\",\"publisher\":{\"@id\":\"https:\/\/quiprocura.net\/w\/#\/schema\/person\/5f45798853889ca34a52bdd0208e9434\"},\"potentialAction\":[{\"@type\":\"SearchAction\",\"target\":{\"@type\":\"EntryPoint\",\"urlTemplate\":\"https:\/\/quiprocura.net\/w\/?s={search_term_string}\"},\"query-input\":{\"@type\":\"PropertyValueSpecification\",\"valueRequired\":true,\"valueName\":\"search_term_string\"}}],\"inLanguage\":\"pt-BR\"},{\"@type\":[\"Person\",\"Organization\"],\"@id\":\"https:\/\/quiprocura.net\/w\/#\/schema\/person\/5f45798853889ca34a52bdd0208e9434\",\"name\":\"Miguel\",\"image\":{\"@type\":\"ImageObject\",\"inLanguage\":\"pt-BR\",\"@id\":\"https:\/\/secure.gravatar.com\/avatar\/04972ea4984ee184e04f6f2a132a089515d0370621849c81e4b8ecad4cff8dc6?s=96&d=mm&r=g\",\"url\":\"https:\/\/secure.gravatar.com\/avatar\/04972ea4984ee184e04f6f2a132a089515d0370621849c81e4b8ecad4cff8dc6?s=96&d=mm&r=g\",\"contentUrl\":\"https:\/\/secure.gravatar.com\/avatar\/04972ea4984ee184e04f6f2a132a089515d0370621849c81e4b8ecad4cff8dc6?s=96&d=mm&r=g\",\"caption\":\"Miguel\"},\"logo\":{\"@id\":\"https:\/\/secure.gravatar.com\/avatar\/04972ea4984ee184e04f6f2a132a089515d0370621849c81e4b8ecad4cff8dc6?s=96&d=mm&r=g\"},\"description\":\"Licenciado, Mestre e Doutor em Qu\u00edmica. Atua na \u00e1rea Ambiental e em Ensino de Ci\u00eancias. Atualmente, faz p\u00f3s doutorado em Ci\u00eancia dos Materiais e \u00e9 professor Adjunto III da Universidade Federal do Tocantins. Escreve para o quiprocura.net desde 2001.\",\"sameAs\":[\"http:\/\/quiprocura.net\"]}]}<\/script>\n<!-- \/ Yoast SEO plugin. -->","yoast_head_json":{"title":"Elementos Qu\u00edmicos - QuiProcura","robots":{"index":"index","follow":"follow","max-snippet":"max-snippet:-1","max-image-preview":"max-image-preview:large","max-video-preview":"max-video-preview:-1"},"canonical":"https:\/\/quiprocura.net\/w\/elementos-quimicos\/","og_locale":"pt_BR","og_type":"article","og_title":"Elementos Qu\u00edmicos - QuiProcura","og_url":"https:\/\/quiprocura.net\/w\/elementos-quimicos\/","og_site_name":"QuiProcura","article_modified_time":"2015-07-12T21:27:07+00:00","twitter_card":"summary_large_image","twitter_misc":{"Est. tempo de leitura":"1 minuto"},"schema":{"@context":"https:\/\/schema.org","@graph":[{"@type":"WebPage","@id":"https:\/\/quiprocura.net\/w\/elementos-quimicos\/","url":"https:\/\/quiprocura.net\/w\/elementos-quimicos\/","name":"Elementos Qu\u00edmicos - QuiProcura","isPartOf":{"@id":"https:\/\/quiprocura.net\/w\/#website"},"datePublished":"2015-06-28T13:50:52+00:00","dateModified":"2015-07-12T21:27:07+00:00","breadcrumb":{"@id":"https:\/\/quiprocura.net\/w\/elementos-quimicos\/#breadcrumb"},"inLanguage":"pt-BR","potentialAction":[{"@type":"ReadAction","target":["https:\/\/quiprocura.net\/w\/elementos-quimicos\/"]}]},{"@type":"BreadcrumbList","@id":"https:\/\/quiprocura.net\/w\/elementos-quimicos\/#breadcrumb","itemListElement":[{"@type":"ListItem","position":1,"name":"In\u00edcio","item":"https:\/\/quiprocura.net\/w\/"},{"@type":"ListItem","position":2,"name":"Elementos Qu\u00edmicos"}]},{"@type":"WebSite","@id":"https:\/\/quiprocura.net\/w\/#website","url":"https:\/\/quiprocura.net\/w\/","name":"QuiProcura","description":"Conte\u00fados de qu\u00edmica, v\u00eddeos, figuras e muito mais.","publisher":{"@id":"https:\/\/quiprocura.net\/w\/#\/schema\/person\/5f45798853889ca34a52bdd0208e9434"},"potentialAction":[{"@type":"SearchAction","target":{"@type":"EntryPoint","urlTemplate":"https:\/\/quiprocura.net\/w\/?s={search_term_string}"},"query-input":{"@type":"PropertyValueSpecification","valueRequired":true,"valueName":"search_term_string"}}],"inLanguage":"pt-BR"},{"@type":["Person","Organization"],"@id":"https:\/\/quiprocura.net\/w\/#\/schema\/person\/5f45798853889ca34a52bdd0208e9434","name":"Miguel","image":{"@type":"ImageObject","inLanguage":"pt-BR","@id":"https:\/\/secure.gravatar.com\/avatar\/04972ea4984ee184e04f6f2a132a089515d0370621849c81e4b8ecad4cff8dc6?s=96&d=mm&r=g","url":"https:\/\/secure.gravatar.com\/avatar\/04972ea4984ee184e04f6f2a132a089515d0370621849c81e4b8ecad4cff8dc6?s=96&d=mm&r=g","contentUrl":"https:\/\/secure.gravatar.com\/avatar\/04972ea4984ee184e04f6f2a132a089515d0370621849c81e4b8ecad4cff8dc6?s=96&d=mm&r=g","caption":"Miguel"},"logo":{"@id":"https:\/\/secure.gravatar.com\/avatar\/04972ea4984ee184e04f6f2a132a089515d0370621849c81e4b8ecad4cff8dc6?s=96&d=mm&r=g"},"description":"Licenciado, Mestre e Doutor em Qu\u00edmica. Atua na \u00e1rea Ambiental e em Ensino de Ci\u00eancias. Atualmente, faz p\u00f3s doutorado em Ci\u00eancia dos Materiais e \u00e9 professor Adjunto III da Universidade Federal do Tocantins. Escreve para o quiprocura.net desde 2001.","sameAs":["http:\/\/quiprocura.net"]}]}},"_links":{"self":[{"href":"https:\/\/quiprocura.net\/w\/wp-json\/wp\/v2\/pages\/3355","targetHints":{"allow":["GET"]}}],"collection":[{"href":"https:\/\/quiprocura.net\/w\/wp-json\/wp\/v2\/pages"}],"about":[{"href":"https:\/\/quiprocura.net\/w\/wp-json\/wp\/v2\/types\/page"}],"author":[{"embeddable":true,"href":"https:\/\/quiprocura.net\/w\/wp-json\/wp\/v2\/users\/1"}],"replies":[{"embeddable":true,"href":"https:\/\/quiprocura.net\/w\/wp-json\/wp\/v2\/comments?post=3355"}],"version-history":[{"count":4,"href":"https:\/\/quiprocura.net\/w\/wp-json\/wp\/v2\/pages\/3355\/revisions"}],"predecessor-version":[{"id":3606,"href":"https:\/\/quiprocura.net\/w\/wp-json\/wp\/v2\/pages\/3355\/revisions\/3606"}],"wp:attachment":[{"href":"https:\/\/quiprocura.net\/w\/wp-json\/wp\/v2\/media?parent=3355"}],"curies":[{"name":"wp","href":"https:\/\/api.w.org\/{rel}","templated":true}]}}